{"id":13162,"date":"2024-08-30T23:28:59","date_gmt":"2024-08-30T23:28:59","guid":{"rendered":"https:\/\/catalogo.jennellropadeportiva.com\/?post_type=product&#038;p=13162"},"modified":"2024-09-23T02:47:16","modified_gmt":"2024-09-23T02:47:16","slug":"bolso-b1014","status":"publish","type":"product","link":"https:\/\/catalogo.jennellropadeportiva.com\/index.php\/producto\/bolso-b1014\/","title":{"rendered":"Bolso AC1014"},"content":{"rendered":"","protected":false},"excerpt":{"rendered":"<p>Hermoso y c\u00f3modo bolso deportivo que te dar\u00e1 un toque de exclusividad incre\u00edble<\/p>\n","protected":false},"featured_media":13163,"template":"","meta":{"om_disable_all_campaigns":false,"_monsterinsights_skip_tracking":false,"_monsterinsights_sitenote_active":false,"_monsterinsights_sitenote_note":"","_monsterinsights_sitenote_category":0},"product_cat":[105],"product_tag":[],"class_list":{"0":"post-13162","1":"product","2":"type-product","3":"status-publish","4":"has-post-thumbnail","6":"product_cat-accesorios","8":"first","9":"instock","10":"shipping-taxable","11":"product-type-simple"},"aioseo_notices":[],"_links":{"self":[{"href":"https:\/\/catalogo.jennellropadeportiva.com\/index.php\/wp-json\/wp\/v2\/product\/13162"}],"collection":[{"href":"https:\/\/catalogo.jennellropadeportiva.com\/index.php\/wp-json\/wp\/v2\/product"}],"about":[{"href":"https:\/\/catalogo.jennellropadeportiva.com\/index.php\/wp-json\/wp\/v2\/types\/product"}],"version-history":[{"count":2,"href":"https:\/\/catalogo.jennellropadeportiva.com\/index.php\/wp-json\/wp\/v2\/product\/13162\/revisions"}],"predecessor-version":[{"id":13347,"href":"https:\/\/catalogo.jennellropadeportiva.com\/index.php\/wp-json\/wp\/v2\/product\/13162\/revisions\/13347"}],"wp:featuredmedia":[{"embeddable":true,"href":"https:\/\/catalogo.jennellropadeportiva.com\/index.php\/wp-json\/wp\/v2\/media\/13163"}],"wp:attachment":[{"href":"https:\/\/catalogo.jennellropadeportiva.com\/index.php\/wp-json\/wp\/v2\/media?parent=13162"}],"wp:term":[{"taxonomy":"product_cat","embeddable":true,"href":"https:\/\/catalogo.jennellropadeportiva.com\/index.php\/wp-json\/wp\/v2\/product_cat?post=13162"},{"taxonomy":"product_tag","embeddable":true,"href":"https:\/\/catalogo.jennellropadeportiva.com\/index.php\/wp-json\/wp\/v2\/product_tag?post=13162"}],"curies":[{"name":"wp","href":"https:\/\/api.w.org\/{rel}","templated":true}]}}