{"id":13102,"date":"2024-08-27T00:02:27","date_gmt":"2024-08-27T00:02:27","guid":{"rendered":"https:\/\/catalogo.jennellropadeportiva.com\/?post_type=product&#038;p=13102"},"modified":"2024-09-23T02:49:35","modified_gmt":"2024-09-23T02:49:35","slug":"toallas-deportivas-t6633","status":"publish","type":"product","link":"https:\/\/catalogo.jennellropadeportiva.com\/index.php\/producto\/toallas-deportivas-t6633\/","title":{"rendered":"Toallas deportivas AC6633"},"content":{"rendered":"","protected":false},"excerpt":{"rendered":"<p>Toallas deportivas .Fabricadas con materiales de alta calidad , est\u00e1s est\u00e1n dise\u00f1adas para absorber sudor<\/p>\n","protected":false},"featured_media":13103,"template":"","meta":{"om_disable_all_campaigns":false,"_monsterinsights_skip_tracking":false,"_monsterinsights_sitenote_active":false,"_monsterinsights_sitenote_note":"","_monsterinsights_sitenote_category":0},"product_cat":[105],"product_tag":[],"class_list":{"0":"post-13102","1":"product","2":"type-product","3":"status-publish","4":"has-post-thumbnail","6":"product_cat-accesorios","8":"first","9":"instock","10":"shipping-taxable","11":"product-type-simple"},"aioseo_notices":[],"_links":{"self":[{"href":"https:\/\/catalogo.jennellropadeportiva.com\/index.php\/wp-json\/wp\/v2\/product\/13102"}],"collection":[{"href":"https:\/\/catalogo.jennellropadeportiva.com\/index.php\/wp-json\/wp\/v2\/product"}],"about":[{"href":"https:\/\/catalogo.jennellropadeportiva.com\/index.php\/wp-json\/wp\/v2\/types\/product"}],"version-history":[{"count":2,"href":"https:\/\/catalogo.jennellropadeportiva.com\/index.php\/wp-json\/wp\/v2\/product\/13102\/revisions"}],"predecessor-version":[{"id":13349,"href":"https:\/\/catalogo.jennellropadeportiva.com\/index.php\/wp-json\/wp\/v2\/product\/13102\/revisions\/13349"}],"wp:featuredmedia":[{"embeddable":true,"href":"https:\/\/catalogo.jennellropadeportiva.com\/index.php\/wp-json\/wp\/v2\/media\/13103"}],"wp:attachment":[{"href":"https:\/\/catalogo.jennellropadeportiva.com\/index.php\/wp-json\/wp\/v2\/media?parent=13102"}],"wp:term":[{"taxonomy":"product_cat","embeddable":true,"href":"https:\/\/catalogo.jennellropadeportiva.com\/index.php\/wp-json\/wp\/v2\/product_cat?post=13102"},{"taxonomy":"product_tag","embeddable":true,"href":"https:\/\/catalogo.jennellropadeportiva.com\/index.php\/wp-json\/wp\/v2\/product_tag?post=13102"}],"curies":[{"name":"wp","href":"https:\/\/api.w.org\/{rel}","templated":true}]}}